{"id":10387,"date":"2021-03-09T08:02:46","date_gmt":"2021-03-09T16:02:46","guid":{"rendered":"https:\/\/lacooquette.com\/politica-de-privacidad\/"},"modified":"2023-08-27T22:56:34","modified_gmt":"2023-08-28T05:56:34","slug":"politica-de-privacidad","status":"publish","type":"page","link":"https:\/\/lacooquette.com\/es\/politica-de-privacidad\/","title":{"rendered":"Pol\u00edtica de privacidad"},"content":{"rendered":"\n<p>En La Cooquette, accesible desde www.lacooquette.com, una de nuestras principales prioridades es la privacidad de nuestros visitantes. Este documento de Pol\u00edtica de Privacidad contiene los tipos de informaci\u00f3n que La Cooquette recoge y registra y c\u00f3mo la utilizamos.<\/p>\n\n<p>Si tiene m\u00e1s preguntas o necesita m\u00e1s informaci\u00f3n sobre nuestra Pol\u00edtica de Privacidad, no dude en ponerse en contacto con nosotros.<\/p>\n\n<h3 class=\"wp-block-heading\">Archivos de registro<\/h3>\n\n<p>La Cooquette sigue un procedimiento est\u00e1ndar de utilizaci\u00f3n de archivos de registro. Estos archivos registran a los visitantes cuando visitan los sitios web. Todas las empresas de alojamiento lo hacen y forma parte de los an\u00e1lisis de los servicios de alojamiento. La informaci\u00f3n recogida por los archivos de registro incluye direcciones de protocolo de Internet (IP), tipo de navegador, proveedor de servicios de Internet (ISP), sello de fecha y hora, p\u00e1ginas de referencia\/salida y, posiblemente, el n\u00famero de clics. No est\u00e1n vinculadas a ninguna informaci\u00f3n que permita la identificaci\u00f3n personal. La finalidad de la informaci\u00f3n es analizar tendencias, administrar el sitio, seguir los movimientos de los usuarios en el sitio web y recopilar informaci\u00f3n demogr\u00e1fica. Nuestra Pol\u00edtica de Privacidad fue creada con la ayuda del <a href=\"https:\/\/www.privacypolicyonline.com\/privacy-policy-generator\/\" target=\"_blank\" rel=\"noreferrer noopener nofollow\">Generador de Pol\u00edtica<\/a> de Privacidad y el <a href=\"https:\/\/www.generateprivacypolicy.com\" target=\"_blank\" rel=\"noreferrer noopener nofollow\">Generador de Pol\u00edtica de Privacidad<\/a>.<\/p>\n\n<h3 class=\"wp-block-heading\">Cookies y balizas web<\/h3>\n\n<p>Como cualquier otro sitio web, La Cooquette utiliza \u00abcookies\u00bb. Estas cookies se utilizan para almacenar informaci\u00f3n, incluidas las preferencias de los visitantes y las p\u00e1ginas del sitio web a las que el visitante accedi\u00f3 o visit\u00f3. La informaci\u00f3n se utiliza para optimizar la experiencia de los usuarios personalizando el contenido de nuestra p\u00e1gina web en funci\u00f3n del tipo de navegador de los visitantes y\/u otra informaci\u00f3n.<\/p>\n\n<p>Para obtener m\u00e1s informaci\u00f3n general sobre las cookies, lea el art\u00edculo \u00abQu\u00e9 son las cookies\u00bb en el <a href=\"https:\/\/www.privacypolicyonline.com\/what-are-cookies\/\" target=\"_blank\" rel=\"noreferrer noopener nofollow\">sitio web Cookie Consent<\/a>.<\/p>\n\n<h3 class=\"wp-block-heading\">Nuestros socios publicitarios<\/h3>\n\n<p>Algunos de los anunciantes de nuestro sitio pueden utilizar cookies y balizas web. A continuaci\u00f3n se enumeran nuestros socios publicitarios. Cada uno de nuestros socios publicitarios tiene su propia Pol\u00edtica de Privacidad para sus pol\u00edticas sobre los datos de los usuarios. Para facilitar el acceso, a continuaci\u00f3n incluimos hiperv\u00ednculos a sus pol\u00edticas de privacidad.<\/p>\n\n<ul class=\"wp-block-list\"><li>Google <a href=\"https:\/\/policies.google.com\/technologies\/ads\" target=\"_blank\" rel=\"noreferrer noopener nofollow\">https:\/\/policies.google.com\/technologies\/ads<\/a><\/li><\/ul>\n\n<h3 class=\"wp-block-heading\">Pol\u00edtica de privacidad<\/h3>\n\n<p>Puede consultar esta lista para encontrar la Pol\u00edtica de Privacidad de cada uno de los socios publicitarios de La Cooquette.<\/p>\n\n<p>Los servidores o redes publicitarias de terceros utilizan tecnolog\u00edas como cookies, JavaScript o Web Beacons que se emplean en sus respectivos anuncios y enlaces que aparecen en La Cooquette y que se env\u00edan directamente al navegador de los usuarios. Cuando esto ocurre, reciben autom\u00e1ticamente su direcci\u00f3n IP. Estas tecnolog\u00edas se utilizan para medir la eficacia de sus campa\u00f1as publicitarias y\/o personalizar el contenido publicitario que usted ve en los sitios web que visita.<\/p>\n\n<p>Tenga en cuenta que La Cooquette no tiene acceso ni control sobre estas cookies que son utilizados por los anunciantes de terceros.<\/p>\n\n<h3 class=\"wp-block-heading\">Pol\u00edticas de privacidad de terceros<\/h3>\n\n<p>La Pol\u00edtica de Privacidad de La Cooquette no se aplica a otros anunciantes o sitios web. Por lo tanto, le aconsejamos que consulte las respectivas pol\u00edticas de privacidad de estos servidores de anuncios de terceros para obtener informaci\u00f3n m\u00e1s detallada. Puede incluir sus pr\u00e1cticas e instrucciones sobre c\u00f3mo excluirse de determinadas opciones.<\/p>\n\n<p>Puede optar por desactivar las cookies a trav\u00e9s de las opciones individuales de su navegador. Para conocer informaci\u00f3n m\u00e1s detallada sobre la gesti\u00f3n de cookies con navegadores web espec\u00edficos, puede consultar las p\u00e1ginas web respectivas de los navegadores. \u00bfQu\u00e9 son las cookies?<\/p>\n\n<h3 class=\"wp-block-heading\">Informaci\u00f3n infantil<\/h3>\n\n<p>Otra parte de nuestra prioridad es a\u00f1adir protecci\u00f3n para los ni\u00f1os en el uso de Internet. Animamos a los padres y tutores a que observen, participen y\/o supervisen y gu\u00eden su actividad en Internet.<\/p>\n\n<p>La Cooquette no recopila conscientemente ninguna Informaci\u00f3n de Identificaci\u00f3n Personal de ni\u00f1os menores de 13 a\u00f1os. Si cree que su hijo ha facilitado este tipo de informaci\u00f3n en nuestro sitio web, le recomendamos encarecidamente que se ponga en contacto con nosotros inmediatamente y haremos todo lo posible por eliminar r\u00e1pidamente dicha informaci\u00f3n de nuestros registros.<\/p>\n\n<h3 class=\"wp-block-heading\">Pol\u00edtica de privacidad en l\u00ednea<\/h3>\n\n<p>Esta Pol\u00edtica de Privacidad se aplica \u00fanicamente a nuestras actividades en l\u00ednea y es v\u00e1lida para los visitantes de nuestro sitio web con respecto a la informaci\u00f3n que compartieron y\/o recopilan en La Cooquette. Esta pol\u00edtica no es aplicable a ninguna informaci\u00f3n recopilada fuera de l\u00ednea o a trav\u00e9s de canales distintos de este sitio web.<\/p>\n\n<h3 class=\"wp-block-heading\">Consentimiento<\/h3>\n\n<p>Al utilizar nuestro sitio web, usted acepta nuestra Pol\u00edtica de Privacidad y est\u00e1 de acuerdo con sus T\u00e9rminos y Condiciones.<\/p>\n\n<p>Cambiar a draftPreviewUpdateA\u00f1adir t\u00edtulo<\/p>\n\n<p id=\"block-f52a0c28-90c8-428f-86c4-3b1c1c4b5b37\">Si necesita m\u00e1s informaci\u00f3n o tiene alguna pregunta sobre el descargo de responsabilidad de nuestro sitio, no dude en ponerse en contacto con nosotros por correo electr\u00f3nico en info@lacooquette.com.<\/p>\n","protected":false},"excerpt":{"rendered":"<p>En La Cooquette, accesible desde www.lacooquette.com, una de nuestras principales prioridades es la privacidad de nuestros visitantes. Este documento de Pol\u00edtica de Privacidad contiene los tipos de informaci\u00f3n que La Cooquette recoge y registra y c\u00f3mo la utilizamos. Si tiene m\u00e1s preguntas o necesita m\u00e1s informaci\u00f3n sobre nuestra Pol\u00edtica de Privacidad, no dude en ponerse [&hellip;] <\/p>\n<div class=\"morelink-wrap\"><a href=\"https:\/\/lacooquette.com\/es\/politica-de-privacidad\/\" class=\"more-link\" rel=\"bookmark\">Continue Reading<\/a><\/div>\n","protected":false},"author":3,"featured_media":0,"parent":0,"menu_order":0,"comment_status":"closed","ping_status":"closed","template":"","meta":{"om_disable_all_campaigns":false,"wprm-recipe-roundup-name":"","wprm-recipe-roundup-description":"","_monsterinsights_skip_tracking":false,"_monsterinsights_sitenote_active":false,"_monsterinsights_sitenote_note":"","_monsterinsights_sitenote_category":0,"_genesis_hide_title":false,"_genesis_hide_breadcrumbs":false,"_genesis_hide_singular_image":false,"_genesis_hide_footer_widgets":false,"_genesis_custom_body_class":"","_genesis_custom_post_class":"","_genesis_layout":"","footnotes":""},"class_list":{"0":"post-10387","1":"page","2":"type-page","3":"status-publish","5":"entry"},"yoast_head":"<!-- This site is optimized with the Yoast SEO plugin v26.9 - https:\/\/yoast.com\/product\/yoast-seo-wordpress\/ -->\n<title>Pol\u00edtica de privacidad - La Cooquette<\/title>\n<meta name=\"description\" content=\"En La Cooquette, accesible desde www.lacooquette.com, una de nuestras principales prioridades es la privacidad de nuestros visitantes.\" \/>\n<meta name=\"robots\" content=\"index, follow, max-snippet:-1, max-image-preview:large, max-video-preview:-1\" \/>\n<link rel=\"canonical\" href=\"https:\/\/lacooquette.com\/es\/politica-de-privacidad\/\" \/>\n<meta property=\"og:locale\" content=\"es_ES\" \/>\n<meta property=\"og:type\" content=\"article\" \/>\n<meta property=\"og:title\" content=\"Pol\u00edtica de privacidad - La Cooquette\" \/>\n<meta property=\"og:description\" content=\"En La Cooquette, accesible desde www.lacooquette.com, una de nuestras principales prioridades es la privacidad de nuestros visitantes.\" \/>\n<meta property=\"og:url\" content=\"https:\/\/lacooquette.com\/es\/politica-de-privacidad\/\" \/>\n<meta property=\"og:site_name\" content=\"La Cooquette\" \/>\n<meta property=\"article:publisher\" content=\"https:\/\/www.facebook.com\/lacooquette\/\" \/>\n<meta property=\"article:modified_time\" content=\"2023-08-28T05:56:34+00:00\" \/>\n<meta name=\"twitter:label1\" content=\"Tiempo de lectura\" \/>\n\t<meta name=\"twitter:data1\" content=\"4 minutos\" \/>\n<script type=\"application\/ld+json\" class=\"yoast-schema-graph\">{\"@context\":\"https:\/\/schema.org\",\"@graph\":[{\"@type\":\"WebPage\",\"@id\":\"https:\/\/lacooquette.com\/es\/politica-de-privacidad\/\",\"url\":\"https:\/\/lacooquette.com\/es\/politica-de-privacidad\/\",\"name\":\"Pol\u00edtica de privacidad - La Cooquette\",\"isPartOf\":{\"@id\":\"https:\/\/lacooquette.com\/es\/#website\"},\"datePublished\":\"2021-03-09T16:02:46+00:00\",\"dateModified\":\"2023-08-28T05:56:34+00:00\",\"description\":\"En La Cooquette, accesible desde www.lacooquette.com, una de nuestras principales prioridades es la privacidad de nuestros visitantes.\",\"inLanguage\":\"es\",\"potentialAction\":[{\"@type\":\"ReadAction\",\"target\":[\"https:\/\/lacooquette.com\/es\/politica-de-privacidad\/\"]}]},{\"@type\":\"WebSite\",\"@id\":\"https:\/\/lacooquette.com\/es\/#website\",\"url\":\"https:\/\/lacooquette.com\/es\/\",\"name\":\"La Cooquette\",\"description\":\"Discovering the world of food through fun &amp; easy recipe videos and travel adventures!\",\"potentialAction\":[{\"@type\":\"SearchAction\",\"target\":{\"@type\":\"EntryPoint\",\"urlTemplate\":\"https:\/\/lacooquette.com\/es\/?s={search_term_string}\"},\"query-input\":{\"@type\":\"PropertyValueSpecification\",\"valueRequired\":true,\"valueName\":\"search_term_string\"}}],\"inLanguage\":\"es\"}]}<\/script>\n<!-- \/ Yoast SEO plugin. -->","yoast_head_json":{"title":"Pol\u00edtica de privacidad - La Cooquette","description":"En La Cooquette, accesible desde www.lacooquette.com, una de nuestras principales prioridades es la privacidad de nuestros visitantes.","robots":{"index":"index","follow":"follow","max-snippet":"max-snippet:-1","max-image-preview":"max-image-preview:large","max-video-preview":"max-video-preview:-1"},"canonical":"https:\/\/lacooquette.com\/es\/politica-de-privacidad\/","og_locale":"es_ES","og_type":"article","og_title":"Pol\u00edtica de privacidad - La Cooquette","og_description":"En La Cooquette, accesible desde www.lacooquette.com, una de nuestras principales prioridades es la privacidad de nuestros visitantes.","og_url":"https:\/\/lacooquette.com\/es\/politica-de-privacidad\/","og_site_name":"La Cooquette","article_publisher":"https:\/\/www.facebook.com\/lacooquette\/","article_modified_time":"2023-08-28T05:56:34+00:00","twitter_misc":{"Tiempo de lectura":"4 minutos"},"schema":{"@context":"https:\/\/schema.org","@graph":[{"@type":"WebPage","@id":"https:\/\/lacooquette.com\/es\/politica-de-privacidad\/","url":"https:\/\/lacooquette.com\/es\/politica-de-privacidad\/","name":"Pol\u00edtica de privacidad - La Cooquette","isPartOf":{"@id":"https:\/\/lacooquette.com\/es\/#website"},"datePublished":"2021-03-09T16:02:46+00:00","dateModified":"2023-08-28T05:56:34+00:00","description":"En La Cooquette, accesible desde www.lacooquette.com, una de nuestras principales prioridades es la privacidad de nuestros visitantes.","inLanguage":"es","potentialAction":[{"@type":"ReadAction","target":["https:\/\/lacooquette.com\/es\/politica-de-privacidad\/"]}]},{"@type":"WebSite","@id":"https:\/\/lacooquette.com\/es\/#website","url":"https:\/\/lacooquette.com\/es\/","name":"La Cooquette","description":"Discovering the world of food through fun &amp; easy recipe videos and travel adventures!","potentialAction":[{"@type":"SearchAction","target":{"@type":"EntryPoint","urlTemplate":"https:\/\/lacooquette.com\/es\/?s={search_term_string}"},"query-input":{"@type":"PropertyValueSpecification","valueRequired":true,"valueName":"search_term_string"}}],"inLanguage":"es"}]}},"jetpack_sharing_enabled":true,"_links":{"self":[{"href":"https:\/\/lacooquette.com\/es\/wp-json\/wp\/v2\/pages\/10387","targetHints":{"allow":["GET"]}}],"collection":[{"href":"https:\/\/lacooquette.com\/es\/wp-json\/wp\/v2\/pages"}],"about":[{"href":"https:\/\/lacooquette.com\/es\/wp-json\/wp\/v2\/types\/page"}],"author":[{"embeddable":true,"href":"https:\/\/lacooquette.com\/es\/wp-json\/wp\/v2\/users\/3"}],"replies":[{"embeddable":true,"href":"https:\/\/lacooquette.com\/es\/wp-json\/wp\/v2\/comments?post=10387"}],"version-history":[{"count":3,"href":"https:\/\/lacooquette.com\/es\/wp-json\/wp\/v2\/pages\/10387\/revisions"}],"predecessor-version":[{"id":10392,"href":"https:\/\/lacooquette.com\/es\/wp-json\/wp\/v2\/pages\/10387\/revisions\/10392"}],"wp:attachment":[{"href":"https:\/\/lacooquette.com\/es\/wp-json\/wp\/v2\/media?parent=10387"}],"curies":[{"name":"wp","href":"https:\/\/api.w.org\/{rel}","templated":true}]}}