{"id":10473,"date":"2013-10-15T17:28:41","date_gmt":"2013-10-16T00:28:41","guid":{"rendered":"https:\/\/lacooquette.com\/sobre-mi\/"},"modified":"2023-08-27T23:12:06","modified_gmt":"2023-08-28T06:12:06","slug":"sobre-mi","status":"publish","type":"page","link":"https:\/\/lacooquette.com\/es\/sobre-mi\/","title":{"rendered":"Sobre M\u00ed"},"content":{"rendered":"\n<figure class=\"wp-block-image size-large\"><img loading=\"lazy\" decoding=\"async\" width=\"1024\" height=\"576\" src=\"https:\/\/lacooquette.com\/wp-content\/uploads\/2013\/10\/Maria-Sierra-La-Cooquette-pink-1024x576.jpg\" alt=\"Canal de YouTube La Cooquette - Mar&#xED;a Sierra\" class=\"wp-image-866\" srcset=\"https:\/\/lacooquette.com\/wp-content\/uploads\/2013\/10\/Maria-Sierra-La-Cooquette-pink-1024x576.jpg 1024w, https:\/\/lacooquette.com\/wp-content\/uploads\/2013\/10\/Maria-Sierra-La-Cooquette-pink-300x169.jpg 300w, https:\/\/lacooquette.com\/wp-content\/uploads\/2013\/10\/Maria-Sierra-La-Cooquette-pink-768x432.jpg 768w, https:\/\/lacooquette.com\/wp-content\/uploads\/2013\/10\/Maria-Sierra-La-Cooquette-pink-1536x864.jpg 1536w, https:\/\/lacooquette.com\/wp-content\/uploads\/2013\/10\/Maria-Sierra-La-Cooquette-pink-2048x1152.jpg 2048w\" sizes=\"auto, (max-width: 1024px) 100vw, 1024px\" \/><\/figure>\n\n<h2 class=\"wp-block-heading has-green-color-color has-text-color\"><strong>\u00bfQui\u00e9n es La Cooquette?<\/strong><\/h2>\n\n<p><strong><strong>*descarga el media kit actualizado<\/strong><\/strong><\/p>\n\n<p>\u00a1Hola! Soy Mar\u00eda Sierra, tambi\u00e9n conocida como \u201c<a href=\"https:\/\/www.youtube.com\/lacooquette\">La Cooquette\u201d<\/a> por mi alter-ego y canal de <a href=\"https:\/\/www.youtube.com\/lacooquette\">YouTube.<\/a> Nac\u00ed en Honduras pero me considero ciudadana del mundo, tras vivir y trabajar en Pamplona, Panam\u00e1, Ciudad de M\u00e9xico, Washington DC, Nueva York, Los \u00c1ngeles y Tijuana. En 2023 me mud\u00e9 a Madrid con mi familia. Me apasiona todo sobre la cocina, en especial su habilidad para inspirar y conectar a las personas, por lo que desde hace 7 a\u00f1os me dedico a crear contenido sobre esto a tiempo completo. Tambi\u00e9n soy madre de 3 ni\u00f1as peque\u00f1as y comparto experiencias sobre mi maternidad para apoyar a quienes le puedan servir.<\/p>\n\n<hr class=\"wp-block-separator has-text-color has-dark-yellow-color has-css-opacity has-dark-yellow-background-color has-background\"\/>\n<div class=\"wp-block-image\">\n<figure class=\"aligncenter size-full\"><a href=\"https:\/\/lacooquette.com\/wp-content\/uploads\/2023\/08\/Cocina-Cooquette-2020-3-WEB.png\"><img loading=\"lazy\" decoding=\"async\" width=\"615\" height=\"461\" src=\"https:\/\/lacooquette.com\/wp-content\/uploads\/2023\/08\/Cocina-Cooquette-2020-3-WEB.png\" alt=\"\" class=\"wp-image-8856\" srcset=\"https:\/\/lacooquette.com\/wp-content\/uploads\/2023\/08\/Cocina-Cooquette-2020-3-WEB.png 615w, https:\/\/lacooquette.com\/wp-content\/uploads\/2023\/08\/Cocina-Cooquette-2020-3-WEB-300x225.png 300w, https:\/\/lacooquette.com\/wp-content\/uploads\/2023\/08\/Cocina-Cooquette-2020-3-WEB-500x375.png 500w\" sizes=\"auto, (max-width: 615px) 100vw, 615px\" \/><\/a><\/figure>\n<\/div>\n<h2 class=\"wp-block-heading has-text-align-center has-green-color-color has-text-color\">\u00bfQu\u00e9 encontrar\u00e1s en La Cooquette?<\/h2>\n\n<p><a href=\"https:\/\/lacooquette.com\/es\/\">La Cooquette<\/a> es un destino para los amantes de la gastronom\u00eda: para esos aventureros que se atreven a experimentar en la cocina, para quienes se r\u00eden de sus recetas fallidas y vuelven a intentarlas, y para aquellos que buscan conocer el mundo y sus distintas culturas a trav\u00e9s de platillos deliciosos. Aqu\u00ed encontrar\u00e1s todo tipo de recetas creativas, desde platos sacados del cine o tus series favoritas a delicias latinas, desde cocina fusi\u00f3n a platillos tradicionales con mucha historia y recetas sencillas de postres y cosas saladas y meriendas para el d\u00eda a d\u00eda con ni\u00f1os. Pronto estar\u00e1n mis cursos de cocina que te permitir\u00e1n adentrarte en un tema espec\u00edfico. <\/p>\n<div class=\"wp-block-image\">\n<figure class=\"aligncenter size-large\"><a href=\"https:\/\/lacooquette.com\/wp-content\/uploads\/2023\/08\/risa-cookware-cooking-with-kids-copy.jpeg\"><img loading=\"lazy\" decoding=\"async\" width=\"819\" height=\"1024\" src=\"https:\/\/lacooquette.com\/wp-content\/uploads\/2023\/08\/risa-cookware-cooking-with-kids-copy-819x1024.jpeg\" alt=\"\" class=\"wp-image-8871\" srcset=\"https:\/\/lacooquette.com\/wp-content\/uploads\/2023\/08\/risa-cookware-cooking-with-kids-copy-819x1024.jpeg 819w, https:\/\/lacooquette.com\/wp-content\/uploads\/2023\/08\/risa-cookware-cooking-with-kids-copy-240x300.jpeg 240w, https:\/\/lacooquette.com\/wp-content\/uploads\/2023\/08\/risa-cookware-cooking-with-kids-copy-768x960.jpeg 768w, https:\/\/lacooquette.com\/wp-content\/uploads\/2023\/08\/risa-cookware-cooking-with-kids-copy-1229x1536.jpeg 1229w, https:\/\/lacooquette.com\/wp-content\/uploads\/2023\/08\/risa-cookware-cooking-with-kids-copy.jpeg 1460w\" sizes=\"auto, (max-width: 819px) 100vw, 819px\" \/><\/a><\/figure>\n<\/div>\n<p> Tambi\u00e9n comparto sobre la alimentaci\u00f3n complementaria de ni\u00f1os peque\u00f1os despu\u00e9s de aprender mucho con un <a href=\"https:\/\/lacooquette.com\/starting-solids-with-baby-our-story\/\" target=\"_blank\" rel=\"noreferrer noopener\">m\u00e9todo combinado de BLW y pur\u00e9s<\/a> que llev\u00e9 con mis 3 hijas. Gracias a \u00e9l, han podido descubrir lo interesante del mundo de la cocina desde sus inicios, y se atreven a probar cosas nuevas. Esto y mucho m\u00e1s as\u00ed que \u00a1espero que tengas hambre!<\/p>\n\n<hr class=\"wp-block-separator has-text-color has-pink-color-color has-css-opacity has-pink-color-background-color has-background\"\/>\n\n<h2 class=\"wp-block-heading has-green-color-color has-text-color\"><strong>Mi Historia con la Cocina<\/strong><\/h2>\n\n<p>Yo trabajaba en marketing digital en California cuando empec\u00e9 este blog para documentar todas mis aventuras en la cocina y experiencias culinarias. Tengo una curiosidad insaciable cuando se trata de la comida, para descubrir nuevos sabores e ingredientes. Tambi\u00e9n me apasiona la rica historia que viene detr\u00e1s de los platillos, de recetas que hablan mucho sobre una cultura y nos ayudan a comprender mejor el mundo. Todo esto nos llev\u00f3 a m\u00ed y a mi marido a documentar mis experimentos<strong> <\/strong>principalmente en el <a href=\"http:\/\/www.youtube.com\/lacooquette\"><strong>canal de YouTube La Cooquette,<\/strong><\/a> pero tambi\u00e9n en otras redes y esta web, empezando en 2013. Unos a\u00f1os despu\u00e9s ya lo estaba haciendo a tiempo completo y ganando hasta 5 veces m\u00e1s que en mi puesto de trabajo anterior, y ahora que puedo hablarle a m\u00e1s de 2 MILLONES de seguidores, \u00a1no hay vuelta atr\u00e1s!<\/p>\n\n<figure class=\"wp-block-image size-large\"><a href=\"https:\/\/lacooquette.com\/wp-content\/uploads\/2023\/08\/Cooquette-Kitchen-2019-scaled.jpeg\"><img loading=\"lazy\" decoding=\"async\" width=\"1024\" height=\"598\" src=\"https:\/\/lacooquette.com\/wp-content\/uploads\/2023\/08\/Cooquette-Kitchen-2019-1024x598.jpeg\" alt=\"\" class=\"wp-image-8854\" srcset=\"https:\/\/lacooquette.com\/wp-content\/uploads\/2023\/08\/Cooquette-Kitchen-2019-1024x598.jpeg 1024w, https:\/\/lacooquette.com\/wp-content\/uploads\/2023\/08\/Cooquette-Kitchen-2019-300x175.jpeg 300w, https:\/\/lacooquette.com\/wp-content\/uploads\/2023\/08\/Cooquette-Kitchen-2019-768x448.jpeg 768w, https:\/\/lacooquette.com\/wp-content\/uploads\/2023\/08\/Cooquette-Kitchen-2019-1536x897.jpeg 1536w, https:\/\/lacooquette.com\/wp-content\/uploads\/2023\/08\/Cooquette-Kitchen-2019-2048x1196.jpeg 2048w\" sizes=\"auto, (max-width: 1024px) 100vw, 1024px\" \/><\/a><\/figure>\n\n<p><strong>Una gran confesi\u00f3n:<\/strong> <strong>no siempre fui buena cocinando.<\/strong> De hecho, he tenido miles de experimentos fallidos pero gracias a ellos he podido aprender. No te desalientes si tus creaciones culinarias no se ven preciosas al principio &#8211; \u00a1nos pasa a todos! Tras la pr\u00e1ctica, he podido pulir muchas recetas que salen divinas &#8211; \u00a1aunque la cocina todav\u00eda queda patas arriba!<\/p>\n\n<figure class=\"wp-block-image\"><img loading=\"lazy\" decoding=\"async\" width=\"1024\" height=\"683\" src=\"https:\/\/lacooquette.com\/wp-content\/uploads\/2013\/10\/la-cooquette-maria-sierra-set-1-1024x683.jpg\" alt=\"Canal de YouTube La Cooquette - Mar&#xED;a Sierra\" class=\"wp-image-863\" srcset=\"https:\/\/lacooquette.com\/wp-content\/uploads\/2013\/10\/la-cooquette-maria-sierra-set-1-1024x683.jpg 1024w, https:\/\/lacooquette.com\/wp-content\/uploads\/2013\/10\/la-cooquette-maria-sierra-set-1-300x200.jpg 300w, https:\/\/lacooquette.com\/wp-content\/uploads\/2013\/10\/la-cooquette-maria-sierra-set-1-768x512.jpg 768w, https:\/\/lacooquette.com\/wp-content\/uploads\/2013\/10\/la-cooquette-maria-sierra-set-1-1536x1024.jpg 1536w, https:\/\/lacooquette.com\/wp-content\/uploads\/2013\/10\/la-cooquette-maria-sierra-set-1-2048x1365.jpg 2048w\" sizes=\"auto, (max-width: 1024px) 100vw, 1024px\" \/><\/figure>\n\n<h2 class=\"wp-block-heading has-pink-color-color has-text-color\"><strong>Gracias, gracias, gracias:<\/strong><\/h2>\n\n<p>I<\/p>\n\n<p>inicio, personas que han probado hasta mis recetas m\u00e1s malas, y aquellos que incluso desde lejos, me han animado a seguir mi pasi\u00f3n por crear delicias. Con esto incluyo <strong>a mi familia, mis amigos, los miembros que han pertenecido al \u201cTeam Cooquette\u201c, y sobre todo a mi talentoso marido,<\/strong> <strong>\u00c1lvaro<\/strong> <strong>Hern\u00e1ndez Blanco<\/strong>, quien propuso crear el canal de YouTube juntos. \u00a1GRACIAS! <\/p>\n\n<p>\u00a1Para m\u00e1s del d\u00eda a d\u00eda visita mi <a href=\"https:\/\/www.instagram.com\/lacooquette\/\">Instagram<\/a>! Y tambi\u00e9n puedes verme en mis otras redes sociales:<\/p>\n\n<p><a href=\"https:\/\/www.facebook.com\/lacooquette\">Facebook<\/a><\/p>\n\n<p><a href=\"https:\/\/www.tiktok.com\/@lacooquette?lang=en\">TikTok<\/a><\/p>\n\n<p><a href=\"https:\/\/www.pinterest.com\/lacooquette\/\">Pinterest<\/a><\/p>\n<div class=\"wp-block-image\">\n<figure class=\"aligncenter size-full\"><a href=\"https:\/\/lacooquette.com\/wp-content\/uploads\/2023\/08\/Maria-Sierra-La-Cooquette-millon-YouTube-1-copy.jpg\"><img loading=\"lazy\" decoding=\"async\" width=\"768\" height=\"1024\" src=\"https:\/\/lacooquette.com\/wp-content\/uploads\/2023\/08\/Maria-Sierra-La-Cooquette-millon-YouTube-1-copy.jpg\" alt=\"\" class=\"wp-image-8868\" srcset=\"https:\/\/lacooquette.com\/wp-content\/uploads\/2023\/08\/Maria-Sierra-La-Cooquette-millon-YouTube-1-copy.jpg 768w, https:\/\/lacooquette.com\/wp-content\/uploads\/2023\/08\/Maria-Sierra-La-Cooquette-millon-YouTube-1-copy-225x300.jpg 225w\" sizes=\"auto, (max-width: 768px) 100vw, 768px\" \/><\/a><\/figure>\n<\/div>\n<h2 class=\"wp-block-heading has-text-align-center has-green-color-color has-text-color\"><strong>\u00a1BUEN PROVECHO!<\/strong><\/h2>\n\n<p><\/p>\n","protected":false},"excerpt":{"rendered":"<p>\u00bfQui\u00e9n es La Cooquette? *descarga el media kit actualizado \u00a1Hola! Soy Mar\u00eda Sierra, tambi\u00e9n conocida como \u201cLa Cooquette\u201d por mi alter-ego y canal de YouTube. Nac\u00ed en Honduras pero me considero ciudadana del mundo, tras vivir y trabajar en Pamplona, Panam\u00e1, Ciudad de M\u00e9xico, Washington DC, Nueva York, Los \u00c1ngeles y Tijuana. En 2023 me [&hellip;] <\/p>\n<div class=\"morelink-wrap\"><a href=\"https:\/\/lacooquette.com\/es\/sobre-mi\/\" class=\"more-link\" rel=\"bookmark\">Continue Reading<\/a><\/div>\n","protected":false},"author":2,"featured_media":0,"parent":0,"menu_order":0,"comment_status":"open","ping_status":"open","template":"","meta":{"om_disable_all_campaigns":false,"wprm-recipe-roundup-name":"","wprm-recipe-roundup-description":"","_monsterinsights_skip_tracking":false,"_monsterinsights_sitenote_active":false,"_monsterinsights_sitenote_note":"","_monsterinsights_sitenote_category":0,"_genesis_hide_title":false,"_genesis_hide_breadcrumbs":false,"_genesis_hide_singular_image":false,"_genesis_hide_footer_widgets":false,"_genesis_custom_body_class":"","_genesis_custom_post_class":"","_genesis_layout":"","footnotes":""},"class_list":{"0":"post-10473","1":"page","2":"type-page","3":"status-publish","5":"entry","6":"has-post-thumbnail"},"yoast_head":"<!-- This site is optimized with the Yoast SEO plugin v26.9 - https:\/\/yoast.com\/product\/yoast-seo-wordpress\/ -->\n<title>Sobre M\u00ed - La Cooquette<\/title>\n<meta name=\"description\" content=\"\u201cLa Cooquette\u201d es el alter-ego culinario de Mar\u00eda Sierra. Mam\u00e1 latina de 3 ni\u00f1as, enamorada de la cocina y los experimentos culinarios, los viajes gastron\u00f3micos \u00a1y m\u00e1s!\" \/>\n<meta name=\"robots\" content=\"index, follow, max-snippet:-1, max-image-preview:large, max-video-preview:-1\" \/>\n<link rel=\"canonical\" href=\"https:\/\/lacooquette.com\/es\/sobre-mi\/\" \/>\n<meta property=\"og:locale\" content=\"es_ES\" \/>\n<meta property=\"og:type\" content=\"article\" \/>\n<meta property=\"og:title\" content=\"Sobre M\u00ed - La Cooquette\" \/>\n<meta property=\"og:description\" content=\"\u201cLa Cooquette\u201d es el alter-ego culinario de Mar\u00eda Sierra. Mam\u00e1 latina de 3 ni\u00f1as, enamorada de la cocina y los experimentos culinarios, los viajes gastron\u00f3micos \u00a1y m\u00e1s!\" \/>\n<meta property=\"og:url\" content=\"https:\/\/lacooquette.com\/es\/sobre-mi\/\" \/>\n<meta property=\"og:site_name\" content=\"La Cooquette\" \/>\n<meta property=\"article:publisher\" content=\"https:\/\/www.facebook.com\/lacooquette\/\" \/>\n<meta property=\"article:modified_time\" content=\"2023-08-28T06:12:06+00:00\" \/>\n<meta property=\"og:image\" content=\"https:\/\/lacooquette.com\/wp-content\/uploads\/2013\/10\/Maria-Sierra-La-Cooquette-pink-1024x576.jpg\" \/>\n<meta name=\"twitter:label1\" content=\"Tiempo de lectura\" \/>\n\t<meta name=\"twitter:data1\" content=\"3 minutos\" \/>\n<script type=\"application\/ld+json\" class=\"yoast-schema-graph\">{\"@context\":\"https:\/\/schema.org\",\"@graph\":[{\"@type\":\"WebPage\",\"@id\":\"https:\/\/lacooquette.com\/es\/sobre-mi\/\",\"url\":\"https:\/\/lacooquette.com\/es\/sobre-mi\/\",\"name\":\"Sobre M\u00ed - La Cooquette\",\"isPartOf\":{\"@id\":\"https:\/\/lacooquette.com\/es\/#website\"},\"primaryImageOfPage\":{\"@id\":\"https:\/\/lacooquette.com\/es\/sobre-mi\/#primaryimage\"},\"image\":{\"@id\":\"https:\/\/lacooquette.com\/es\/sobre-mi\/#primaryimage\"},\"thumbnailUrl\":\"https:\/\/lacooquette.com\/wp-content\/uploads\/2013\/10\/Maria-Sierra-La-Cooquette-pink-1024x576.jpg\",\"datePublished\":\"2013-10-16T00:28:41+00:00\",\"dateModified\":\"2023-08-28T06:12:06+00:00\",\"description\":\"\u201cLa Cooquette\u201d es el alter-ego culinario de Mar\u00eda Sierra. Mam\u00e1 latina de 3 ni\u00f1as, enamorada de la cocina y los experimentos culinarios, los viajes gastron\u00f3micos \u00a1y m\u00e1s!\",\"inLanguage\":\"es\",\"potentialAction\":[{\"@type\":\"ReadAction\",\"target\":[\"https:\/\/lacooquette.com\/es\/sobre-mi\/\"]}]},{\"@type\":\"ImageObject\",\"inLanguage\":\"es\",\"@id\":\"https:\/\/lacooquette.com\/es\/sobre-mi\/#primaryimage\",\"url\":\"https:\/\/lacooquette.com\/wp-content\/uploads\/2013\/10\/Maria-Sierra-La-Cooquette-pink-1024x576.jpg\",\"contentUrl\":\"https:\/\/lacooquette.com\/wp-content\/uploads\/2013\/10\/Maria-Sierra-La-Cooquette-pink-1024x576.jpg\"},{\"@type\":\"WebSite\",\"@id\":\"https:\/\/lacooquette.com\/es\/#website\",\"url\":\"https:\/\/lacooquette.com\/es\/\",\"name\":\"La Cooquette\",\"description\":\"Discovering the world of food through fun &amp; easy recipe videos and travel adventures!\",\"potentialAction\":[{\"@type\":\"SearchAction\",\"target\":{\"@type\":\"EntryPoint\",\"urlTemplate\":\"https:\/\/lacooquette.com\/es\/?s={search_term_string}\"},\"query-input\":{\"@type\":\"PropertyValueSpecification\",\"valueRequired\":true,\"valueName\":\"search_term_string\"}}],\"inLanguage\":\"es\"}]}<\/script>\n<!-- \/ Yoast SEO plugin. -->","yoast_head_json":{"title":"Sobre M\u00ed - La Cooquette","description":"\u201cLa Cooquette\u201d es el alter-ego culinario de Mar\u00eda Sierra. Mam\u00e1 latina de 3 ni\u00f1as, enamorada de la cocina y los experimentos culinarios, los viajes gastron\u00f3micos \u00a1y m\u00e1s!","robots":{"index":"index","follow":"follow","max-snippet":"max-snippet:-1","max-image-preview":"max-image-preview:large","max-video-preview":"max-video-preview:-1"},"canonical":"https:\/\/lacooquette.com\/es\/sobre-mi\/","og_locale":"es_ES","og_type":"article","og_title":"Sobre M\u00ed - La Cooquette","og_description":"\u201cLa Cooquette\u201d es el alter-ego culinario de Mar\u00eda Sierra. Mam\u00e1 latina de 3 ni\u00f1as, enamorada de la cocina y los experimentos culinarios, los viajes gastron\u00f3micos \u00a1y m\u00e1s!","og_url":"https:\/\/lacooquette.com\/es\/sobre-mi\/","og_site_name":"La Cooquette","article_publisher":"https:\/\/www.facebook.com\/lacooquette\/","article_modified_time":"2023-08-28T06:12:06+00:00","og_image":[{"url":"https:\/\/lacooquette.com\/wp-content\/uploads\/2013\/10\/Maria-Sierra-La-Cooquette-pink-1024x576.jpg","type":"","width":"","height":""}],"twitter_misc":{"Tiempo de lectura":"3 minutos"},"schema":{"@context":"https:\/\/schema.org","@graph":[{"@type":"WebPage","@id":"https:\/\/lacooquette.com\/es\/sobre-mi\/","url":"https:\/\/lacooquette.com\/es\/sobre-mi\/","name":"Sobre M\u00ed - La Cooquette","isPartOf":{"@id":"https:\/\/lacooquette.com\/es\/#website"},"primaryImageOfPage":{"@id":"https:\/\/lacooquette.com\/es\/sobre-mi\/#primaryimage"},"image":{"@id":"https:\/\/lacooquette.com\/es\/sobre-mi\/#primaryimage"},"thumbnailUrl":"https:\/\/lacooquette.com\/wp-content\/uploads\/2013\/10\/Maria-Sierra-La-Cooquette-pink-1024x576.jpg","datePublished":"2013-10-16T00:28:41+00:00","dateModified":"2023-08-28T06:12:06+00:00","description":"\u201cLa Cooquette\u201d es el alter-ego culinario de Mar\u00eda Sierra. Mam\u00e1 latina de 3 ni\u00f1as, enamorada de la cocina y los experimentos culinarios, los viajes gastron\u00f3micos \u00a1y m\u00e1s!","inLanguage":"es","potentialAction":[{"@type":"ReadAction","target":["https:\/\/lacooquette.com\/es\/sobre-mi\/"]}]},{"@type":"ImageObject","inLanguage":"es","@id":"https:\/\/lacooquette.com\/es\/sobre-mi\/#primaryimage","url":"https:\/\/lacooquette.com\/wp-content\/uploads\/2013\/10\/Maria-Sierra-La-Cooquette-pink-1024x576.jpg","contentUrl":"https:\/\/lacooquette.com\/wp-content\/uploads\/2013\/10\/Maria-Sierra-La-Cooquette-pink-1024x576.jpg"},{"@type":"WebSite","@id":"https:\/\/lacooquette.com\/es\/#website","url":"https:\/\/lacooquette.com\/es\/","name":"La Cooquette","description":"Discovering the world of food through fun &amp; easy recipe videos and travel adventures!","potentialAction":[{"@type":"SearchAction","target":{"@type":"EntryPoint","urlTemplate":"https:\/\/lacooquette.com\/es\/?s={search_term_string}"},"query-input":{"@type":"PropertyValueSpecification","valueRequired":true,"valueName":"search_term_string"}}],"inLanguage":"es"}]}},"jetpack_sharing_enabled":true,"_links":{"self":[{"href":"https:\/\/lacooquette.com\/es\/wp-json\/wp\/v2\/pages\/10473","targetHints":{"allow":["GET"]}}],"collection":[{"href":"https:\/\/lacooquette.com\/es\/wp-json\/wp\/v2\/pages"}],"about":[{"href":"https:\/\/lacooquette.com\/es\/wp-json\/wp\/v2\/types\/page"}],"author":[{"embeddable":true,"href":"https:\/\/lacooquette.com\/es\/wp-json\/wp\/v2\/users\/2"}],"replies":[{"embeddable":true,"href":"https:\/\/lacooquette.com\/es\/wp-json\/wp\/v2\/comments?post=10473"}],"version-history":[{"count":1,"href":"https:\/\/lacooquette.com\/es\/wp-json\/wp\/v2\/pages\/10473\/revisions"}],"predecessor-version":[{"id":10474,"href":"https:\/\/lacooquette.com\/es\/wp-json\/wp\/v2\/pages\/10473\/revisions\/10474"}],"wp:attachment":[{"href":"https:\/\/lacooquette.com\/es\/wp-json\/wp\/v2\/media?parent=10473"}],"curies":[{"name":"wp","href":"https:\/\/api.w.org\/{rel}","templated":true}]}}